{"id":7,"date":"2025-11-12T09:45:00","date_gmt":"2025-11-12T09:45:00","guid":{"rendered":"https:\/\/casagina.fr\/?page_id=7"},"modified":"2026-02-19T10:22:38","modified_gmt":"2026-02-19T10:22:38","slug":"casa-gina","status":"publish","type":"page","link":"https:\/\/casagina.fr\/","title":{"rendered":"Casa Gina"},"content":{"rendered":"\t\t<div data-elementor-type=\"wp-post\" data-elementor-id=\"7\" class=\"elementor elementor-7\" data-elementor-post-type=\"page\">\n\t\t\t\t\t\t<section class=\"elementor-section elementor-top-section elementor-element elementor-element-d2abb3a elementor-section-full_width elementor-section-height-default elementor-section-height-default\" data-id=\"d2abb3a\" data-element_type=\"section\" data-settings=\"{&quot;background_background&quot;:&quot;classic&quot;}\">\n\t\t\t\t\t\t<div class=\"elementor-container elementor-column-gap-default\">\n\t\t\t\t\t<div class=\"elementor-column elementor-col-25 elementor-top-column elementor-element elementor-element-d91b7f7\" data-id=\"d91b7f7\" data-element_type=\"column\">\n\t\t\t<div class=\"elementor-widget-wrap elementor-element-populated\">\n\t\t\t\t\t\t<div class=\"elementor-element elementor-element-e2fe992 elementor-widget elementor-widget-image\" data-id=\"e2fe992\" data-element_type=\"widget\" data-widget_type=\"image.default\">\n\t\t\t\t<div class=\"elementor-widget-container\">\n\t\t\t\t\t\t\t\t\t\t\t\t\t\t\t<img fetchpriority=\"high\" decoding=\"async\" width=\"800\" height=\"800\" src=\"https:\/\/casagina.fr\/wp-content\/uploads\/2025\/11\/Casa-gina_Angle-gauche-1024x1024.webp\" class=\"attachment-large size-large wp-image-27\" alt=\"\" srcset=\"https:\/\/casagina.fr\/wp-content\/uploads\/2025\/11\/Casa-gina_Angle-gauche-1024x1024.webp 1024w, https:\/\/casagina.fr\/wp-content\/uploads\/2025\/11\/Casa-gina_Angle-gauche-300x300.webp 300w, https:\/\/casagina.fr\/wp-content\/uploads\/2025\/11\/Casa-gina_Angle-gauche-150x150.webp 150w, https:\/\/casagina.fr\/wp-content\/uploads\/2025\/11\/Casa-gina_Angle-gauche-768x767.webp 768w, https:\/\/casagina.fr\/wp-content\/uploads\/2025\/11\/Casa-gina_Angle-gauche.webp 1247w\" sizes=\"(max-width: 800px) 100vw, 800px\" \/>\t\t\t\t\t\t\t\t\t\t\t\t\t\t\t<\/div>\n\t\t\t\t<\/div>\n\t\t\t\t\t<\/div>\n\t\t<\/div>\n\t\t\t\t<div class=\"elementor-column elementor-col-25 elementor-top-column elementor-element elementor-element-48d1896 elementor-hidden-mobile\" data-id=\"48d1896\" data-element_type=\"column\">\n\t\t\t<div class=\"elementor-widget-wrap\">\n\t\t\t\t\t\t\t<\/div>\n\t\t<\/div>\n\t\t\t\t<div class=\"elementor-column elementor-col-25 elementor-top-column elementor-element elementor-element-ba67d6d elementor-hidden-mobile\" data-id=\"ba67d6d\" data-element_type=\"column\">\n\t\t\t<div class=\"elementor-widget-wrap\">\n\t\t\t\t\t\t\t<\/div>\n\t\t<\/div>\n\t\t\t\t<div class=\"elementor-column elementor-col-25 elementor-top-column elementor-element elementor-element-4084201\" data-id=\"4084201\" data-element_type=\"column\">\n\t\t\t<div class=\"elementor-widget-wrap elementor-element-populated\">\n\t\t\t\t\t\t<div class=\"elementor-element elementor-element-1a4922f elementor-widget elementor-widget-image\" data-id=\"1a4922f\" data-element_type=\"widget\" data-widget_type=\"image.default\">\n\t\t\t\t<div class=\"elementor-widget-container\">\n\t\t\t\t\t\t\t\t\t\t\t\t\t\t\t<img decoding=\"async\" width=\"800\" height=\"800\" src=\"https:\/\/casagina.fr\/wp-content\/uploads\/2025\/11\/Casa-gina_Angle-droit-1024x1024.webp\" class=\"attachment-large size-large wp-image-26\" alt=\"\" srcset=\"https:\/\/casagina.fr\/wp-content\/uploads\/2025\/11\/Casa-gina_Angle-droit-1024x1024.webp 1024w, https:\/\/casagina.fr\/wp-content\/uploads\/2025\/11\/Casa-gina_Angle-droit-300x300.webp 300w, https:\/\/casagina.fr\/wp-content\/uploads\/2025\/11\/Casa-gina_Angle-droit-150x150.webp 150w, https:\/\/casagina.fr\/wp-content\/uploads\/2025\/11\/Casa-gina_Angle-droit-768x767.webp 768w, https:\/\/casagina.fr\/wp-content\/uploads\/2025\/11\/Casa-gina_Angle-droit.webp 1247w\" sizes=\"(max-width: 800px) 100vw, 800px\" \/>\t\t\t\t\t\t\t\t\t\t\t\t\t\t\t<\/div>\n\t\t\t\t<\/div>\n\t\t\t\t\t<\/div>\n\t\t<\/div>\n\t\t\t\t\t<\/div>\n\t\t<\/section>\n\t\t\t\t<section class=\"elementor-section elementor-top-section elementor-element elementor-element-ac73b08 elementor-section-boxed elementor-section-height-default elementor-section-height-default\" data-id=\"ac73b08\" data-element_type=\"section\">\n\t\t\t\t\t\t<div class=\"elementor-container elementor-column-gap-default\">\n\t\t\t\t\t<div class=\"elementor-column elementor-col-100 elementor-top-column elementor-element elementor-element-90932bf\" data-id=\"90932bf\" data-element_type=\"column\">\n\t\t\t<div class=\"elementor-widget-wrap elementor-element-populated\">\n\t\t\t\t\t\t<section class=\"elementor-section elementor-inner-section elementor-element elementor-element-5b50c09 elementor-section-full_width elementor-section-content-middle elementor-section-height-default elementor-section-height-default\" data-id=\"5b50c09\" data-element_type=\"section\">\n\t\t\t\t\t\t<div class=\"elementor-container elementor-column-gap-default\">\n\t\t\t\t\t<div class=\"elementor-column elementor-col-33 elementor-inner-column elementor-element elementor-element-5ac924d\" data-id=\"5ac924d\" data-element_type=\"column\">\n\t\t\t<div class=\"elementor-widget-wrap\">\n\t\t\t\t\t\t\t<\/div>\n\t\t<\/div>\n\t\t\t\t<div class=\"elementor-column elementor-col-33 elementor-inner-column elementor-element elementor-element-a48c962\" data-id=\"a48c962\" data-element_type=\"column\">\n\t\t\t<div class=\"elementor-widget-wrap elementor-element-populated\">\n\t\t\t\t\t\t<div class=\"elementor-element elementor-element-5aa0cb1 elementor-widget elementor-widget-image\" data-id=\"5aa0cb1\" data-element_type=\"widget\" data-widget_type=\"image.default\">\n\t\t\t\t<div class=\"elementor-widget-container\">\n\t\t\t\t\t\t\t\t\t\t\t\t\t\t\t<img decoding=\"async\" width=\"800\" height=\"512\" src=\"https:\/\/casagina.fr\/wp-content\/uploads\/2025\/11\/Logo_casa-gina-rouge-1024x655.webp\" class=\"attachment-large size-large wp-image-14\" alt=\"\" srcset=\"https:\/\/casagina.fr\/wp-content\/uploads\/2025\/11\/Logo_casa-gina-rouge-1024x655.webp 1024w, https:\/\/casagina.fr\/wp-content\/uploads\/2025\/11\/Logo_casa-gina-rouge-300x192.webp 300w, https:\/\/casagina.fr\/wp-content\/uploads\/2025\/11\/Logo_casa-gina-rouge-768x491.webp 768w, https:\/\/casagina.fr\/wp-content\/uploads\/2025\/11\/Logo_casa-gina-rouge-1536x983.webp 1536w, https:\/\/casagina.fr\/wp-content\/uploads\/2025\/11\/Logo_casa-gina-rouge-2048x1311.webp 2048w\" sizes=\"(max-width: 800px) 100vw, 800px\" \/>\t\t\t\t\t\t\t\t\t\t\t\t\t\t\t<\/div>\n\t\t\t\t<\/div>\n\t\t\t\t\t<\/div>\n\t\t<\/div>\n\t\t\t\t<div class=\"elementor-column elementor-col-33 elementor-inner-column elementor-element elementor-element-68db62d\" data-id=\"68db62d\" data-element_type=\"column\">\n\t\t\t<div class=\"elementor-widget-wrap\">\n\t\t\t\t\t\t\t<\/div>\n\t\t<\/div>\n\t\t\t\t\t<\/div>\n\t\t<\/section>\n\t\t\t\t\t<\/div>\n\t\t<\/div>\n\t\t\t\t\t<\/div>\n\t\t<\/section>\n\t\t\t\t<section class=\"elementor-section elementor-top-section elementor-element elementor-element-3a8c076 elementor-section-height-min-height elementor-section-boxed elementor-section-height-default elementor-section-items-middle\" data-id=\"3a8c076\" data-element_type=\"section\">\n\t\t\t\t\t\t<div class=\"elementor-container elementor-column-gap-default\">\n\t\t\t\t\t<div class=\"elementor-column elementor-col-100 elementor-top-column elementor-element elementor-element-a514d48\" data-id=\"a514d48\" data-element_type=\"column\">\n\t\t\t<div class=\"elementor-widget-wrap elementor-element-populated\">\n\t\t\t\t\t\t<div class=\"elementor-element elementor-element-92e2891 elementor-widget elementor-widget-heading\" data-id=\"92e2891\" data-element_type=\"widget\" data-widget_type=\"heading.default\">\n\t\t\t\t<div class=\"elementor-widget-container\">\n\t\t\t\t\t<h2 class=\"elementor-heading-title elementor-size-default\">Saveur d\u2019Italie \u00e0 Saint-Chamond<\/h2>\t\t\t\t<\/div>\n\t\t\t\t<\/div>\n\t\t\t\t<div class=\"elementor-element elementor-element-cfe3b68 elementor-widget elementor-widget-heading\" data-id=\"cfe3b68\" data-element_type=\"widget\" data-widget_type=\"heading.default\">\n\t\t\t\t<div class=\"elementor-widget-container\">\n\t\t\t\t\t<h2 class=\"elementor-heading-title elementor-size-default\">Cuisine artisanale,<BR> de passion &amp; festive<\/h2>\t\t\t\t<\/div>\n\t\t\t\t<\/div>\n\t\t\t\t<div class=\"elementor-element elementor-element-9a4a9ec elementor-align-center elementor-widget elementor-widget-button\" data-id=\"9a4a9ec\" data-element_type=\"widget\" data-widget_type=\"button.default\">\n\t\t\t\t<div class=\"elementor-widget-container\">\n\t\t\t\t\t\t\t\t\t<div class=\"elementor-button-wrapper\">\n\t\t\t\t\t<a class=\"elementor-button elementor-button-link elementor-size-sm\" href=\"https:\/\/bookings.zenchef.com\/results?rid=383419&#038;pid=1001\" target=\"_blank\">\n\t\t\t\t\t\t<span class=\"elementor-button-content-wrapper\">\n\t\t\t\t\t\t\t\t\t<span class=\"elementor-button-text\">R\u00e9servations<\/span>\n\t\t\t\t\t<\/span>\n\t\t\t\t\t<\/a>\n\t\t\t\t<\/div>\n\t\t\t\t\t\t\t\t<\/div>\n\t\t\t\t<\/div>\n\t\t\t\t<div class=\"elementor-element elementor-element-0968ef4 elementor-align-center elementor-widget elementor-widget-button\" data-id=\"0968ef4\" data-element_type=\"widget\" data-widget_type=\"button.default\">\n\t\t\t\t<div class=\"elementor-widget-container\">\n\t\t\t\t\t\t\t\t\t<div class=\"elementor-button-wrapper\">\n\t\t\t\t\t<a class=\"elementor-button elementor-button-link elementor-size-sm\" href=\"https:\/\/casagina.fr\/Images\/Menu-Casa-Gina_web.pdf\" target=\"_blank\">\n\t\t\t\t\t\t<span class=\"elementor-button-content-wrapper\">\n\t\t\t\t\t\t\t\t\t<span class=\"elementor-button-text\">Voir la carte<\/span>\n\t\t\t\t\t<\/span>\n\t\t\t\t\t<\/a>\n\t\t\t\t<\/div>\n\t\t\t\t\t\t\t\t<\/div>\n\t\t\t\t<\/div>\n\t\t\t\t\t<\/div>\n\t\t<\/div>\n\t\t\t\t\t<\/div>\n\t\t<\/section>\n\t\t\t\t<section class=\"elementor-section elementor-top-section elementor-element elementor-element-0917cf7 elementor-section-full_width elementor-hidden-desktop elementor-hidden-tablet elementor-hidden-mobile elementor-section-height-default elementor-section-height-default\" data-id=\"0917cf7\" data-element_type=\"section\" data-settings=\"{&quot;background_background&quot;:&quot;classic&quot;}\">\n\t\t\t\t\t\t<div class=\"elementor-container elementor-column-gap-default\">\n\t\t\t\t\t<div class=\"elementor-column elementor-col-100 elementor-top-column elementor-element elementor-element-bb455cb\" data-id=\"bb455cb\" data-element_type=\"column\" data-settings=\"{&quot;background_background&quot;:&quot;classic&quot;}\">\n\t\t\t<div class=\"elementor-widget-wrap elementor-element-populated\">\n\t\t\t\t\t\t<section class=\"elementor-section elementor-inner-section elementor-element elementor-element-e58ed9d elementor-section-full_width elementor-section-height-default elementor-section-height-default\" data-id=\"e58ed9d\" data-element_type=\"section\" data-settings=\"{&quot;background_background&quot;:&quot;classic&quot;}\">\n\t\t\t\t\t\t\t<div class=\"elementor-background-overlay\"><\/div>\n\t\t\t\t\t\t\t<div class=\"elementor-container elementor-column-gap-default\">\n\t\t\t\t\t<div class=\"elementor-column elementor-col-50 elementor-inner-column elementor-element elementor-element-662da68\" data-id=\"662da68\" data-element_type=\"column\">\n\t\t\t<div class=\"elementor-widget-wrap elementor-element-populated\">\n\t\t\t\t\t\t<div class=\"elementor-element elementor-element-f8b8a4d elementor-widget elementor-widget-image\" data-id=\"f8b8a4d\" data-element_type=\"widget\" data-widget_type=\"image.default\">\n\t\t\t\t<div class=\"elementor-widget-container\">\n\t\t\t\t\t\t\t\t\t\t\t\t\t\t\t<img fetchpriority=\"high\" decoding=\"async\" width=\"800\" height=\"800\" src=\"https:\/\/casagina.fr\/wp-content\/uploads\/2025\/11\/Casa-gina_Angle-gauche-1024x1024.webp\" class=\"attachment-large size-large wp-image-27\" alt=\"\" srcset=\"https:\/\/casagina.fr\/wp-content\/uploads\/2025\/11\/Casa-gina_Angle-gauche-1024x1024.webp 1024w, https:\/\/casagina.fr\/wp-content\/uploads\/2025\/11\/Casa-gina_Angle-gauche-300x300.webp 300w, https:\/\/casagina.fr\/wp-content\/uploads\/2025\/11\/Casa-gina_Angle-gauche-150x150.webp 150w, https:\/\/casagina.fr\/wp-content\/uploads\/2025\/11\/Casa-gina_Angle-gauche-768x767.webp 768w, https:\/\/casagina.fr\/wp-content\/uploads\/2025\/11\/Casa-gina_Angle-gauche.webp 1247w\" sizes=\"(max-width: 800px) 100vw, 800px\" \/>\t\t\t\t\t\t\t\t\t\t\t\t\t\t\t<\/div>\n\t\t\t\t<\/div>\n\t\t\t\t\t<\/div>\n\t\t<\/div>\n\t\t\t\t<div class=\"elementor-column elementor-col-50 elementor-inner-column elementor-element elementor-element-b143b39\" data-id=\"b143b39\" data-element_type=\"column\">\n\t\t\t<div class=\"elementor-widget-wrap elementor-element-populated\">\n\t\t\t\t\t\t<div class=\"elementor-element elementor-element-559a9dc elementor-widget elementor-widget-image\" data-id=\"559a9dc\" data-element_type=\"widget\" data-widget_type=\"image.default\">\n\t\t\t\t<div class=\"elementor-widget-container\">\n\t\t\t\t\t\t\t\t\t\t\t\t\t\t\t<img decoding=\"async\" width=\"800\" height=\"800\" src=\"https:\/\/casagina.fr\/wp-content\/uploads\/2025\/11\/Casa-gina_Angle-droit-1024x1024.webp\" class=\"attachment-large size-large wp-image-26\" alt=\"\" srcset=\"https:\/\/casagina.fr\/wp-content\/uploads\/2025\/11\/Casa-gina_Angle-droit-1024x1024.webp 1024w, https:\/\/casagina.fr\/wp-content\/uploads\/2025\/11\/Casa-gina_Angle-droit-300x300.webp 300w, https:\/\/casagina.fr\/wp-content\/uploads\/2025\/11\/Casa-gina_Angle-droit-150x150.webp 150w, https:\/\/casagina.fr\/wp-content\/uploads\/2025\/11\/Casa-gina_Angle-droit-768x767.webp 768w, https:\/\/casagina.fr\/wp-content\/uploads\/2025\/11\/Casa-gina_Angle-droit.webp 1247w\" sizes=\"(max-width: 800px) 100vw, 800px\" \/>\t\t\t\t\t\t\t\t\t\t\t\t\t\t\t<\/div>\n\t\t\t\t<\/div>\n\t\t\t\t\t<\/div>\n\t\t<\/div>\n\t\t\t\t\t<\/div>\n\t\t<\/section>\n\t\t\t\t<div class=\"elementor-element elementor-element-2886964 elementor-widget elementor-widget-heading\" data-id=\"2886964\" data-element_type=\"widget\" data-widget_type=\"heading.default\">\n\t\t\t\t<div class=\"elementor-widget-container\">\n\t\t\t\t\t<h2 class=\"elementor-heading-title elementor-size-default\">CIAO ! R\u00c9SERVEZ VOTRE TABLE<\/h2>\t\t\t\t<\/div>\n\t\t\t\t<\/div>\n\t\t\t\t<div class=\"elementor-element elementor-element-ff9b37b elementor-widget elementor-widget-html\" data-id=\"ff9b37b\" data-element_type=\"widget\" data-widget_type=\"html.default\">\n\t\t\t\t<div class=\"elementor-widget-container\">\n\t\t\t\t\t\t<div id=\"noshow_casagina\"><\/div>\n\t<script src=\"https:\/\/js.stripe.com\/v3\/\"><\/script><script src=\"https:\/\/app.noshow.io\/booking\/js\/widget.js\"><\/script>\n\t<script>window.initNoShowBooking('noshow_casagina', 'a6EgncHqeadgC5l7MUglytqAV', { lang: 'fr' });<\/script>\t\t\t\t<\/div>\n\t\t\t\t<\/div>\n\t\t\t\t<div class=\"elementor-element elementor-element-f09c557 elementor-widget elementor-widget-spacer\" data-id=\"f09c557\" data-element_type=\"widget\" data-widget_type=\"spacer.default\">\n\t\t\t\t<div class=\"elementor-widget-container\">\n\t\t\t\t\t\t\t<div class=\"elementor-spacer\">\n\t\t\t<div class=\"elementor-spacer-inner\"><\/div>\n\t\t<\/div>\n\t\t\t\t\t\t<\/div>\n\t\t\t\t<\/div>\n\t\t\t\t\t<\/div>\n\t\t<\/div>\n\t\t\t\t\t<\/div>\n\t\t<\/section>\n\t\t\t\t<section class=\"elementor-section elementor-top-section elementor-element elementor-element-be67d72 elementor-section-boxed elementor-section-height-default elementor-section-height-default\" data-id=\"be67d72\" data-element_type=\"section\">\n\t\t\t\t\t\t<div class=\"elementor-container elementor-column-gap-default\">\n\t\t\t\t\t<div class=\"elementor-column elementor-col-100 elementor-top-column elementor-element elementor-element-6b1ab39\" data-id=\"6b1ab39\" data-element_type=\"column\">\n\t\t\t<div class=\"elementor-widget-wrap elementor-element-populated\">\n\t\t\t\t\t\t<section class=\"elementor-section elementor-inner-section elementor-element elementor-element-7c8049e elementor-section-full_width elementor-section-height-default elementor-section-height-default\" data-id=\"7c8049e\" data-element_type=\"section\">\n\t\t\t\t\t\t<div class=\"elementor-container elementor-column-gap-default\">\n\t\t\t\t\t<div class=\"elementor-column elementor-col-33 elementor-inner-column elementor-element elementor-element-af06a37\" data-id=\"af06a37\" data-element_type=\"column\">\n\t\t\t<div class=\"elementor-widget-wrap elementor-element-populated\">\n\t\t\t\t\t\t<div class=\"elementor-element elementor-element-75b5a39 elementor-widget elementor-widget-heading\" data-id=\"75b5a39\" data-element_type=\"widget\" data-widget_type=\"heading.default\">\n\t\t\t\t<div class=\"elementor-widget-container\">\n\t\t\t\t\t<h2 class=\"elementor-heading-title elementor-size-default\">restaurant@casagina.fr <br>\nT\u00e9l. 04 77 19 89 57\n<\/h2>\t\t\t\t<\/div>\n\t\t\t\t<\/div>\n\t\t\t\t\t<\/div>\n\t\t<\/div>\n\t\t\t\t<div class=\"elementor-column elementor-col-33 elementor-inner-column elementor-element elementor-element-90352a1\" data-id=\"90352a1\" data-element_type=\"column\">\n\t\t\t<div class=\"elementor-widget-wrap elementor-element-populated\">\n\t\t\t\t\t\t<div class=\"elementor-element elementor-element-249d520 elementor-widget elementor-widget-heading\" data-id=\"249d520\" data-element_type=\"widget\" data-widget_type=\"heading.default\">\n\t\t\t\t<div class=\"elementor-widget-container\">\n\t\t\t\t\t<h2 class=\"elementor-heading-title elementor-size-default\">MAISON DES CHANOINES <BR>\n52 Bld W. Rousseau, saint-chamond<\/h2>\t\t\t\t<\/div>\n\t\t\t\t<\/div>\n\t\t\t\t\t<\/div>\n\t\t<\/div>\n\t\t\t\t<div class=\"elementor-column elementor-col-33 elementor-inner-column elementor-element elementor-element-d61293e\" data-id=\"d61293e\" data-element_type=\"column\">\n\t\t\t<div class=\"elementor-widget-wrap elementor-element-populated\">\n\t\t\t\t\t\t<div class=\"elementor-element elementor-element-79897f3 elementor-widget elementor-widget-heading\" data-id=\"79897f3\" data-element_type=\"widget\" data-widget_type=\"heading.default\">\n\t\t\t\t<div class=\"elementor-widget-container\">\n\t\t\t\t\t<h2 class=\"elementor-heading-title elementor-size-default\"><a href=\"https:\/\/www.instagram.com\/p\/DR4-Mk4DCEY\/\" target=\"_blank\">RETROUVEZ-NOUS<BR> SUR INSTAGRAM<\/a><\/h2>\t\t\t\t<\/div>\n\t\t\t\t<\/div>\n\t\t\t\t\t<\/div>\n\t\t<\/div>\n\t\t\t\t\t<\/div>\n\t\t<\/section>\n\t\t\t\t<div class=\"elementor-element elementor-element-d2a4237 elementor-widget elementor-widget-spacer\" data-id=\"d2a4237\" data-element_type=\"widget\" data-widget_type=\"spacer.default\">\n\t\t\t\t<div class=\"elementor-widget-container\">\n\t\t\t\t\t\t\t<div class=\"elementor-spacer\">\n\t\t\t<div class=\"elementor-spacer-inner\"><\/div>\n\t\t<\/div>\n\t\t\t\t\t\t<\/div>\n\t\t\t\t<\/div>\n\t\t\t\t\t<\/div>\n\t\t<\/div>\n\t\t\t\t\t<\/div>\n\t\t<\/section>\n\t\t\t\t<\/div>\n\t\t","protected":false},"excerpt":{"rendered":"<p>Saveur d\u2019Italie \u00e0 Saint-Chamond Cuisine artisanale, de passion &amp; festive R\u00e9servations Voir la carte CIAO ! R\u00c9SERVEZ VOTRE TABLE restaurant@casagina.fr T\u00e9l. 04 77 19 89 57 MAISON DES CHANOINES 52 Bld W. Rousseau, saint-chamond RETROUVEZ-NOUS SUR INSTAGRAM<\/p>\n","protected":false},"author":1,"featured_media":0,"parent":0,"menu_order":0,"comment_status":"closed","ping_status":"closed","template":"elementor_canvas","meta":{"footnotes":""},"class_list":["post-7","page","type-page","status-publish","hentry"],"_links":{"self":[{"href":"https:\/\/casagina.fr\/index.php\/wp-json\/wp\/v2\/pages\/7","targetHints":{"allow":["GET"]}}],"collection":[{"href":"https:\/\/casagina.fr\/index.php\/wp-json\/wp\/v2\/pages"}],"about":[{"href":"https:\/\/casagina.fr\/index.php\/wp-json\/wp\/v2\/types\/page"}],"author":[{"embeddable":true,"href":"https:\/\/casagina.fr\/index.php\/wp-json\/wp\/v2\/users\/1"}],"replies":[{"embeddable":true,"href":"https:\/\/casagina.fr\/index.php\/wp-json\/wp\/v2\/comments?post=7"}],"version-history":[{"count":214,"href":"https:\/\/casagina.fr\/index.php\/wp-json\/wp\/v2\/pages\/7\/revisions"}],"predecessor-version":[{"id":261,"href":"https:\/\/casagina.fr\/index.php\/wp-json\/wp\/v2\/pages\/7\/revisions\/261"}],"wp:attachment":[{"href":"https:\/\/casagina.fr\/index.php\/wp-json\/wp\/v2\/media?parent=7"}],"curies":[{"name":"wp","href":"https:\/\/api.w.org\/{rel}","templated":true}]}}